{"id":620,"date":"2022-06-10T19:27:40","date_gmt":"2022-06-10T19:27:40","guid":{"rendered":"https:\/\/demo.themedraft.net\/wp\/doctio\/?page_id=620"},"modified":"2024-06-11T16:19:34","modified_gmt":"2024-06-11T16:19:34","slug":"infraestructura","status":"publish","type":"page","link":"https:\/\/gondilogistics.com\/en\/infraestructura\/","title":{"rendered":"Infrastructure"},"content":{"rendered":"<div data-elementor-type=\"wp-page\" data-elementor-id=\"620\" class=\"elementor elementor-620\">\n\t\t\t\t\n\t\t<section class=\"elementor-section elementor-top-section elementor-element elementor-element-19f0be2 elementor-section-full_width elementor-section-stretched elementor-section-height-default elementor-section-height-default\" data-id=\"19f0be2\" data-element_type=\"section\" data-e-type=\"section\" data-settings=\"{&quot;stretch_section&quot;:&quot;section-stretched&quot;,&quot;background_background&quot;:&quot;classic&quot;,&quot;tmea_shape_divider_top&quot;:&quot;none&quot;,&quot;tmea_shape_divider_bottom&quot;:&quot;none&quot;}\">\n\t\t\t\t\t\t<div class=\"elementor-container elementor-column-gap-default\">\n\t\t\t\t\t<div class=\"elementor-column elementor-col-100 elementor-top-column elementor-element elementor-element-56d9138\" data-id=\"56d9138\" data-element_type=\"column\" data-e-type=\"column\">\n\t\t\t<div class=\"elementor-widget-wrap elementor-element-populated\">\n\t\t\t\t\t\t<div class=\"elementor-element elementor-element-7a28d26 elementor-widget elementor-widget-themedraft_section_title\" data-id=\"7a28d26\" data-element_type=\"widget\" data-e-type=\"widget\" data-widget_type=\"themedraft_section_title.default\">\n\t\t\t\t<div class=\"elementor-widget-container\">\n\t\t\t\t\t\n\t\t<div class=\"td-section-title-wrapper\">\n            <div class=\"td-section-title-content td-secondary-font\">\n                                    <div class=\"td-section-title-bg-text\">\n                        Facilities                    <\/div>\n                \n                                    <div class=\"td-section-subtitle td-primary-color\">\n                        Capacity and Security                    <\/div>\n                \n                                    <div class=\"td-section-title\">\n                        <h2>\u00a0Facilities<\/h2>                    <\/div>\n                                        <div class=\"title-bottom-line\" style=\"background-image: url(https:\/\/gondilogistics.com\/wp-content\/uploads\/2024\/05\/line.png)\"><\/div>\n                                                <\/div>\n\t\t<\/div>\n\t\t\t\t\t\t<\/div>\n\t\t\t\t<\/div>\n\t\t\t\t\t<\/div>\n\t\t<\/div>\n\t\t\t\t\t<\/div>\n\t\t<\/section>\n\t\t\t\t<section class=\"elementor-section elementor-top-section elementor-element elementor-element-f5dafef elementor-section-full_width elementor-section-stretched elementor-section-height-default elementor-section-height-default\" data-id=\"f5dafef\" data-element_type=\"section\" data-e-type=\"section\" data-settings=\"{&quot;background_background&quot;:&quot;classic&quot;,&quot;stretch_section&quot;:&quot;section-stretched&quot;,&quot;tmea_shape_divider_top&quot;:&quot;none&quot;,&quot;tmea_shape_divider_bottom&quot;:&quot;none&quot;}\">\n\t\t\t\t\t\t\t<div class=\"elementor-background-overlay\"><\/div>\n\t\t\t\t\t\t\t<div class=\"elementor-container elementor-column-gap-default\">\n\t\t\t\t\t<div class=\"elementor-column elementor-col-50 elementor-top-column elementor-element elementor-element-4838473\" data-id=\"4838473\" data-element_type=\"column\" data-e-type=\"column\" data-settings=\"{&quot;background_background&quot;:&quot;classic&quot;}\">\n\t\t\t<div class=\"elementor-widget-wrap elementor-element-populated\">\n\t\t\t\t\t\t<div class=\"elementor-element elementor-element-d41029c elementor-widget elementor-widget-themedraft_counter_up\" data-id=\"d41029c\" data-element_type=\"widget\" data-e-type=\"widget\" data-settings=\"{&quot;_animation&quot;:&quot;none&quot;}\" data-widget_type=\"themedraft_counter_up.default\">\n\t\t\t\t<div class=\"elementor-widget-container\">\n\t\t\t\t\t        <div class=\"counter-up-wrapper td-counter-box-44701\">\n            \n            <div class=\"row\">\n                                        <div class=\"col-xl-12 col-lg-12 col-md-12 col-12\">\n                            <div class=\"td-counter-box\">\n                                <div class=\"td-counter-content\">\n                                    <div class=\"td-count-icon\">\n                                        <i aria-hidden=\"true\" class=\"tmmaterial-icon- tm-material-icon-storage\"><\/i>                                    <\/div>\n\n                                    <div class=\"td-count-number-and-unit td-secondary-font\">\n                                        <span class=\"td-count-number\">40,000<\/span> ft\u00b2                                    <\/div>\n\n                                    <div class=\"td-count-title\">of warehouse space<\/div>\n                                <\/div>\n                            <\/div>\n                        <\/div>\n                                    <\/div>\n\n        <\/div>\n\n        <script>\n            (function ($) {\n                \"use strict\";\n                \/*====  Document Ready Function =====*\/\n                jQuery(document).ready(function($){\n                    $(\".td-counter-box-44701 .td-count-number\").counterUp({\n                        delay: 10,\n                        time: 2000\n                    });\n                });\n            }(jQuery));\n        <\/script>\n\t\t\t\t\t\t<\/div>\n\t\t\t\t<\/div>\n\t\t\t\t\t<\/div>\n\t\t<\/div>\n\t\t\t\t<div class=\"elementor-column elementor-col-50 elementor-top-column elementor-element elementor-element-7876d17\" data-id=\"7876d17\" data-element_type=\"column\" data-e-type=\"column\" data-settings=\"{&quot;background_background&quot;:&quot;classic&quot;}\">\n\t\t\t<div class=\"elementor-widget-wrap elementor-element-populated\">\n\t\t\t\t\t\t<div class=\"elementor-element elementor-element-d1365fe elementor-widget elementor-widget-themedraft_text\" data-id=\"d1365fe\" data-element_type=\"widget\" data-e-type=\"widget\" data-widget_type=\"themedraft_text.default\">\n\t\t\t\t<div class=\"elementor-widget-container\">\n\t\t\t\t\t\n\t\t<div class=\"td-text-wrapper\">\n\t\t\t<p>Our facilities include a 40,000 square foot warehouse, capable of handling simultaneous operations with up to 16 units. This capacity allows for efficient reception, storage, and distribution of goods.<\/p><p>To ensure security, we have a closed-circuit television (CCTV) system operating 24\/7, an advanced digital alarm, and security personnel constantly monitoring the facilities. These systems guarantee continuous protection of the goods at all times.<\/p>\n            \t\t<\/div>\n\n\t\t\t\t\t\t<\/div>\n\t\t\t\t<\/div>\n\t\t\t\t\t<\/div>\n\t\t<\/div>\n\t\t\t\t\t<\/div>\n\t\t<\/section>\n\t\t\t\t<\/div>","protected":false},"excerpt":{"rendered":"<p>Instalaciones Capacidad y Seguridad \u00a0Instalaciones 40,000 ft\u00b2 De bodega Nuestras instalaciones cuentan con una bodega de 40,000 pies cuadrados, capaz de manejar maniobras simult\u00e1neas con hasta 16 unidades. Esta capacidad permite una recepci\u00f3n, almacenamiento y distribuci\u00f3n eficiente de mercanc\u00edas. Para garantizar la seguridad, disponemos de un circuito cerrado de televisi\u00f3n (CCTV) operando 24\/7, una alarma [&hellip;]<\/p>\n","protected":false},"author":1,"featured_media":0,"parent":0,"menu_order":0,"comment_status":"closed","ping_status":"closed","template":"","meta":{"footnotes":""},"class_list":["post-620","page","type-page","status-publish","hentry"],"_links":{"self":[{"href":"https:\/\/gondilogistics.com\/en\/wp-json\/wp\/v2\/pages\/620","targetHints":{"allow":["GET"]}}],"collection":[{"href":"https:\/\/gondilogistics.com\/en\/wp-json\/wp\/v2\/pages"}],"about":[{"href":"https:\/\/gondilogistics.com\/en\/wp-json\/wp\/v2\/types\/page"}],"author":[{"embeddable":true,"href":"https:\/\/gondilogistics.com\/en\/wp-json\/wp\/v2\/users\/1"}],"replies":[{"embeddable":true,"href":"https:\/\/gondilogistics.com\/en\/wp-json\/wp\/v2\/comments?post=620"}],"version-history":[{"count":63,"href":"https:\/\/gondilogistics.com\/en\/wp-json\/wp\/v2\/pages\/620\/revisions"}],"predecessor-version":[{"id":2649,"href":"https:\/\/gondilogistics.com\/en\/wp-json\/wp\/v2\/pages\/620\/revisions\/2649"}],"wp:attachment":[{"href":"https:\/\/gondilogistics.com\/en\/wp-json\/wp\/v2\/media?parent=620"}],"curies":[{"name":"wp","href":"https:\/\/api.w.org\/{rel}","templated":true}]}}