{"id":610,"date":"2022-06-10T19:22:54","date_gmt":"2022-06-10T19:22:54","guid":{"rendered":"https:\/\/demo.themedraft.net\/wp\/doctio\/?page_id=610"},"modified":"2024-06-04T15:16:00","modified_gmt":"2024-06-04T15:16:00","slug":"servicios","status":"publish","type":"page","link":"https:\/\/gondilogistics.com\/en\/servicios\/","title":{"rendered":"Services"},"content":{"rendered":"<div data-elementor-type=\"wp-page\" data-elementor-id=\"610\" class=\"elementor elementor-610\">\n\t\t\t\t\n\t\t<section class=\"elementor-section elementor-top-section elementor-element elementor-element-339b476 elementor-section-full_width elementor-section-stretched elementor-section-height-default elementor-section-height-default\" data-id=\"339b476\" data-element_type=\"section\" data-e-type=\"section\" data-settings=\"{&quot;stretch_section&quot;:&quot;section-stretched&quot;,&quot;tmea_shape_divider_top&quot;:&quot;none&quot;,&quot;tmea_shape_divider_bottom&quot;:&quot;none&quot;}\">\n\t\t\t\t\t\t<div class=\"elementor-container elementor-column-gap-default\">\n\t\t\t\t\t<div class=\"elementor-column elementor-col-100 elementor-top-column elementor-element elementor-element-e97e927\" data-id=\"e97e927\" data-element_type=\"column\" data-e-type=\"column\">\n\t\t\t<div class=\"elementor-widget-wrap elementor-element-populated\">\n\t\t\t\t\t\t<div class=\"elementor-element elementor-element-18f3398 elementor-widget elementor-widget-themedraft_section_title\" data-id=\"18f3398\" data-element_type=\"widget\" data-e-type=\"widget\" data-widget_type=\"themedraft_section_title.default\">\n\t\t\t\t<div class=\"elementor-widget-container\">\n\t\t\t\t\t\n\t\t<div class=\"td-section-title-wrapper\">\n            <div class=\"td-section-title-content td-secondary-font\">\n                                    <div class=\"td-section-title-bg-text\">\n                        Services                    <\/div>\n                \n                                    <div class=\"td-section-subtitle td-primary-color\">\n                        Comprehensive Logistics Solutions                    <\/div>\n                \n                                    <div class=\"td-section-title\">\n                        <h1>Services<\/h1>                    <\/div>\n                                        <div class=\"title-bottom-line\" style=\"background-image: url(https:\/\/gondilogistics.com\/wp-content\/uploads\/2024\/05\/line.png)\"><\/div>\n                                                <\/div>\n\t\t<\/div>\n\t\t\t\t\t\t<\/div>\n\t\t\t\t<\/div>\n\t\t\t\t\t<\/div>\n\t\t<\/div>\n\t\t\t\t\t<\/div>\n\t\t<\/section>\n\t\t\t\t<section class=\"elementor-section elementor-top-section elementor-element elementor-element-fe6bf63 elementor-section-full_width elementor-section-stretched elementor-section-height-default elementor-section-height-default\" data-id=\"fe6bf63\" data-element_type=\"section\" data-e-type=\"section\" data-settings=\"{&quot;background_background&quot;:&quot;classic&quot;,&quot;stretch_section&quot;:&quot;section-stretched&quot;,&quot;tmea_shape_divider_top&quot;:&quot;none&quot;,&quot;tmea_shape_divider_bottom&quot;:&quot;none&quot;}\">\n\t\t\t\t\t\t<div class=\"elementor-container elementor-column-gap-default\">\n\t\t\t\t\t<div class=\"elementor-column elementor-col-50 elementor-top-column elementor-element elementor-element-ef6f08a\" data-id=\"ef6f08a\" data-element_type=\"column\" data-e-type=\"column\">\n\t\t\t<div class=\"elementor-widget-wrap\">\n\t\t\t\t\t\t\t<\/div>\n\t\t<\/div>\n\t\t\t\t<div class=\"elementor-column elementor-col-50 elementor-top-column elementor-element elementor-element-b2406b4\" data-id=\"b2406b4\" data-element_type=\"column\" data-e-type=\"column\">\n\t\t\t<div class=\"elementor-widget-wrap elementor-element-populated\">\n\t\t\t\t\t\t<div class=\"elementor-element elementor-element-404fc43 elementor-widget elementor-widget-themedraft_section_title\" data-id=\"404fc43\" data-element_type=\"widget\" data-e-type=\"widget\" data-widget_type=\"themedraft_section_title.default\">\n\t\t\t\t<div class=\"elementor-widget-container\">\n\t\t\t\t\t\n\t\t<div class=\"td-section-title-wrapper\">\n            <div class=\"td-section-title-content td-secondary-font\">\n                \n                                    <div class=\"td-section-subtitle td-primary-color\">\n                        Service                    <\/div>\n                \n                                    <div class=\"td-section-title\">\n                        <h2>Door-to-Door<\/h2>                    <\/div>\n                                                <\/div>\n\t\t<\/div>\n\t\t\t\t\t\t<\/div>\n\t\t\t\t<\/div>\n\t\t\t\t<div class=\"elementor-element elementor-element-f597e00 elementor-widget elementor-widget-text-editor\" data-id=\"f597e00\" data-element_type=\"widget\" data-e-type=\"widget\" data-widget_type=\"text-editor.default\">\n\t\t\t\t<div class=\"elementor-widget-container\">\n\t\t\t\t\t\t\t\t\t<p>Our Door-to-Door service is designed to provide you with the utmost convenience and efficiency in shipping goods. We handle the entire logistics process, from collection at the point of origin to final delivery at your destination\u2019s doorstep. With our extensive network of carriers and strategic partners, we ensure that your shipments arrive on time and in perfect condition, regardless of the size or destination of the cargo. This service is ideal for companies looking to simplify their logistics operations and ensure the safe and timely handling of their products.<\/p>\t\t\t\t\t\t\t\t<\/div>\n\t\t\t\t<\/div>\n\t\t\t\t\t<\/div>\n\t\t<\/div>\n\t\t\t\t\t<\/div>\n\t\t<\/section>\n\t\t\t\t<section class=\"elementor-section elementor-top-section elementor-element elementor-element-97c1433 elementor-section-stretched elementor-section-boxed elementor-section-height-default elementor-section-height-default\" data-id=\"97c1433\" data-element_type=\"section\" data-e-type=\"section\" data-settings=\"{&quot;background_background&quot;:&quot;classic&quot;,&quot;stretch_section&quot;:&quot;section-stretched&quot;,&quot;tmea_shape_divider_top&quot;:&quot;none&quot;,&quot;tmea_shape_divider_bottom&quot;:&quot;none&quot;}\">\n\t\t\t\t\t\t<div class=\"elementor-container elementor-column-gap-default\">\n\t\t\t\t\t<div class=\"elementor-column elementor-col-50 elementor-top-column elementor-element elementor-element-a19ab8a\" data-id=\"a19ab8a\" data-element_type=\"column\" data-e-type=\"column\">\n\t\t\t<div class=\"elementor-widget-wrap elementor-element-populated\">\n\t\t\t\t\t\t<div class=\"elementor-element elementor-element-0f271ac elementor-widget elementor-widget-themedraft_section_title\" data-id=\"0f271ac\" data-element_type=\"widget\" data-e-type=\"widget\" data-widget_type=\"themedraft_section_title.default\">\n\t\t\t\t<div class=\"elementor-widget-container\">\n\t\t\t\t\t\n\t\t<div class=\"td-section-title-wrapper\">\n            <div class=\"td-section-title-content td-secondary-font\">\n                \n                                    <div class=\"td-section-subtitle td-primary-color\">\n                        Comprehensive Management                    <\/div>\n                \n                                    <div class=\"td-section-title\">\n                        <h2>Goods Handling<\/h2>                    <\/div>\n                                                <\/div>\n\t\t<\/div>\n\t\t\t\t\t\t<\/div>\n\t\t\t\t<\/div>\n\t\t\t\t<div class=\"elementor-element elementor-element-cbba6c1 elementor-widget elementor-widget-text-editor\" data-id=\"cbba6c1\" data-element_type=\"widget\" data-e-type=\"widget\" data-widget_type=\"text-editor.default\">\n\t\t\t\t<div class=\"elementor-widget-container\">\n\t\t\t\t\t\t\t\t\t<p>We take care of every stage of the process, from the arrival of products at our facilities to their final departure to the required destination.\u00a0<\/p>\t\t\t\t\t\t\t\t<\/div>\n\t\t\t\t<\/div>\n\t\t\t\t<div class=\"elementor-element elementor-element-6682818 elementor-align-start elementor-icon-list--layout-traditional elementor-list-item-link-full_width elementor-widget elementor-widget-icon-list\" data-id=\"6682818\" data-element_type=\"widget\" data-e-type=\"widget\" data-widget_type=\"icon-list.default\">\n\t\t\t\t<div class=\"elementor-widget-container\">\n\t\t\t\t\t\t\t<ul class=\"elementor-icon-list-items\">\n\t\t\t\t\t\t\t<li class=\"elementor-icon-list-item\">\n\t\t\t\t\t\t\t\t\t\t\t<span class=\"elementor-icon-list-icon\">\n\t\t\t\t\t\t\t<svg aria-hidden=\"true\" class=\"e-font-icon-svg e-fas-truck-loading\" viewbox=\"0 0 640 512\" xmlns=\"http:\/\/www.w3.org\/2000\/svg\"><path d=\"M50.2 375.6c2.3 8.5 11.1 13.6 19.6 11.3l216.4-58c8.5-2.3 13.6-11.1 11.3-19.6l-49.7-185.5c-2.3-8.5-11.1-13.6-19.6-11.3L151 133.3l24.8 92.7-61.8 16.5-24.8-92.7-77.3 20.7C3.4 172.8-1.7 181.6.6 190.1l49.6 185.5zM384 0c-17.7 0-32 14.3-32 32v323.6L5.9 450c-4.3 1.2-6.8 5.6-5.6 9.8l12.6 46.3c1.2 4.3 5.6 6.8 9.8 5.6l393.7-107.4C418.8 464.1 467.6 512 528 512c61.9 0 112-50.1 112-112V0H384zm144 448c-26.5 0-48-21.5-48-48s21.5-48 48-48 48 21.5 48 48-21.5 48-48 48z\"><\/path><\/svg>\t\t\t\t\t\t<\/span>\n\t\t\t\t\t\t\t\t\t\t<span class=\"elementor-icon-list-text\">Reception<\/span>\n\t\t\t\t\t\t\t\t\t<\/li>\n\t\t\t\t\t\t\t\t<li class=\"elementor-icon-list-item\">\n\t\t\t\t\t\t\t\t\t\t\t<span class=\"elementor-icon-list-icon\">\n\t\t\t\t\t\t\t<i aria-hidden=\"true\" class=\"tmmaterial-icon- tm-material-icon-policy\"><\/i>\t\t\t\t\t\t<\/span>\n\t\t\t\t\t\t\t\t\t\t<span class=\"elementor-icon-list-text\">Custody<\/span>\n\t\t\t\t\t\t\t\t\t<\/li>\n\t\t\t\t\t\t\t\t<li class=\"elementor-icon-list-item\">\n\t\t\t\t\t\t\t\t\t\t\t<span class=\"elementor-icon-list-icon\">\n\t\t\t\t\t\t\t<svg aria-hidden=\"true\" class=\"e-font-icon-svg e-fas-warehouse\" viewbox=\"0 0 640 512\" xmlns=\"http:\/\/www.w3.org\/2000\/svg\"><path d=\"M504 352H136.4c-4.4 0-8 3.6-8 8l-.1 48c0 4.4 3.6 8 8 8H504c4.4 0 8-3.6 8-8v-48c0-4.4-3.6-8-8-8zm0 96H136.1c-4.4 0-8 3.6-8 8l-.1 48c0 4.4 3.6 8 8 8h368c4.4 0 8-3.6 8-8v-48c0-4.4-3.6-8-8-8zm0-192H136.6c-4.4 0-8 3.6-8 8l-.1 48c0 4.4 3.6 8 8 8H504c4.4 0 8-3.6 8-8v-48c0-4.4-3.6-8-8-8zm106.5-139L338.4 3.7a48.15 48.15 0 0 0-36.9 0L29.5 117C11.7 124.5 0 141.9 0 161.3V504c0 4.4 3.6 8 8 8h80c4.4 0 8-3.6 8-8V256c0-17.6 14.6-32 32.6-32h382.8c18 0 32.6 14.4 32.6 32v248c0 4.4 3.6 8 8 8h80c4.4 0 8-3.6 8-8V161.3c0-19.4-11.7-36.8-29.5-44.3z\"><\/path><\/svg>\t\t\t\t\t\t<\/span>\n\t\t\t\t\t\t\t\t\t\t<span class=\"elementor-icon-list-text\">Storage<\/span>\n\t\t\t\t\t\t\t\t\t<\/li>\n\t\t\t\t\t\t\t\t<li class=\"elementor-icon-list-item\">\n\t\t\t\t\t\t\t\t\t\t\t<span class=\"elementor-icon-list-icon\">\n\t\t\t\t\t\t\t<svg aria-hidden=\"true\" class=\"e-font-icon-svg e-fas-sticky-note\" viewbox=\"0 0 448 512\" xmlns=\"http:\/\/www.w3.org\/2000\/svg\"><path d=\"M312 320h136V56c0-13.3-10.7-24-24-24H24C10.7 32 0 42.7 0 56v400c0 13.3 10.7 24 24 24h264V344c0-13.2 10.8-24 24-24zm129 55l-98 98c-4.5 4.5-10.6 7-17 7h-6V352h128v6.1c0 6.3-2.5 12.4-7 16.9z\"><\/path><\/svg>\t\t\t\t\t\t<\/span>\n\t\t\t\t\t\t\t\t\t\t<span class=\"elementor-icon-list-text\">Labeling<\/span>\n\t\t\t\t\t\t\t\t\t<\/li>\n\t\t\t\t\t\t\t\t<li class=\"elementor-icon-list-item\">\n\t\t\t\t\t\t\t\t\t\t\t<span class=\"elementor-icon-list-icon\">\n\t\t\t\t\t\t\t<i aria-hidden=\"true\" class=\"tmmaterial-icon- tm-material-icon-confirmation_number\"><\/i>\t\t\t\t\t\t<\/span>\n\t\t\t\t\t\t\t\t\t\t<span class=\"elementor-icon-list-text\">Consolidation<\/span>\n\t\t\t\t\t\t\t\t\t<\/li>\n\t\t\t\t\t\t\t\t<li class=\"elementor-icon-list-item\">\n\t\t\t\t\t\t\t\t\t\t\t<span class=\"elementor-icon-list-icon\">\n\t\t\t\t\t\t\t<svg aria-hidden=\"true\" class=\"e-font-icon-svg e-fas-truck\" viewbox=\"0 0 640 512\" xmlns=\"http:\/\/www.w3.org\/2000\/svg\"><path d=\"M624 352h-16V243.9c0-12.7-5.1-24.9-14.1-33.9L494 110.1c-9-9-21.2-14.1-33.9-14.1H416V48c0-26.5-21.5-48-48-48H48C21.5 0 0 21.5 0 48v320c0 26.5 21.5 48 48 48h16c0 53 43 96 96 96s96-43 96-96h128c0 53 43 96 96 96s96-43 96-96h48c8.8 0 16-7.2 16-16v-32c0-8.8-7.2-16-16-16zM160 464c-26.5 0-48-21.5-48-48s21.5-48 48-48 48 21.5 48 48-21.5 48-48 48zm320 0c-26.5 0-48-21.5-48-48s21.5-48 48-48 48 21.5 48 48-21.5 48-48 48zm80-208H416V144h44.1l99.9 99.9V256z\"><\/path><\/svg>\t\t\t\t\t\t<\/span>\n\t\t\t\t\t\t\t\t\t\t<span class=\"elementor-icon-list-text\">Goods Distribution<\/span>\n\t\t\t\t\t\t\t\t\t<\/li>\n\t\t\t\t\t\t<\/ul>\n\t\t\t\t\t\t<\/div>\n\t\t\t\t<\/div>\n\t\t\t\t\t<\/div>\n\t\t<\/div>\n\t\t\t\t<div class=\"elementor-column elementor-col-50 elementor-top-column elementor-element elementor-element-84107b6\" data-id=\"84107b6\" data-element_type=\"column\" data-e-type=\"column\">\n\t\t\t<div class=\"elementor-widget-wrap elementor-element-populated\">\n\t\t\t\t\t\t<div class=\"elementor-element elementor-element-90d7c81 elementor-widget elementor-widget-image-carousel\" data-id=\"90d7c81\" data-element_type=\"widget\" data-e-type=\"widget\" data-settings=\"{&quot;slides_to_show&quot;:&quot;1&quot;,&quot;navigation&quot;:&quot;none&quot;,&quot;effect&quot;:&quot;fade&quot;,&quot;autoplay&quot;:&quot;yes&quot;,&quot;pause_on_hover&quot;:&quot;yes&quot;,&quot;pause_on_interaction&quot;:&quot;yes&quot;,&quot;autoplay_speed&quot;:5000,&quot;infinite&quot;:&quot;yes&quot;,&quot;speed&quot;:500}\" data-widget_type=\"image-carousel.default\">\n\t\t\t\t<div class=\"elementor-widget-container\">\n\t\t\t\t\t\t\t<div class=\"elementor-image-carousel-wrapper swiper\" role=\"region\" aria-roledescription=\"carousel\" aria-label=\"Image Carousel\" dir=\"ltr\">\n\t\t\t<div class=\"elementor-image-carousel swiper-wrapper\" aria-live=\"off\">\n\t\t\t\t\t\t\t\t<div class=\"swiper-slide\" role=\"group\" aria-roledescription=\"slide\" aria-label=\"1 of 4\"><figure class=\"swiper-slide-inner\"><img decoding=\"async\" class=\"swiper-slide-image\" src=\"https:\/\/gondilogistics.com\/wp-content\/uploads\/2024\/05\/servicios2-03.webp\" alt=\"servicios2-03\" \/><\/figure><\/div><div class=\"swiper-slide\" role=\"group\" aria-roledescription=\"slide\" aria-label=\"2 of 4\"><figure class=\"swiper-slide-inner\"><img decoding=\"async\" class=\"swiper-slide-image\" src=\"https:\/\/gondilogistics.com\/wp-content\/uploads\/2024\/05\/servicios2-04.webp\" alt=\"servicios2-04\" \/><\/figure><\/div><div class=\"swiper-slide\" role=\"group\" aria-roledescription=\"slide\" aria-label=\"3 of 4\"><figure class=\"swiper-slide-inner\"><img decoding=\"async\" class=\"swiper-slide-image\" src=\"https:\/\/gondilogistics.com\/wp-content\/uploads\/2024\/05\/servicios2-05.webp\" alt=\"servicios2-05\" \/><\/figure><\/div><div class=\"swiper-slide\" role=\"group\" aria-roledescription=\"slide\" aria-label=\"4 of 4\"><figure class=\"swiper-slide-inner\"><img decoding=\"async\" class=\"swiper-slide-image\" src=\"https:\/\/gondilogistics.com\/wp-content\/uploads\/2024\/05\/servicios2-06.webp\" alt=\"servicios2-06\" \/><\/figure><\/div>\t\t\t<\/div>\n\t\t\t\t\t\t\t\n\t\t\t\t\t\t\t\t\t<\/div>\n\t\t\t\t\t\t<\/div>\n\t\t\t\t<\/div>\n\t\t\t\t\t<\/div>\n\t\t<\/div>\n\t\t\t\t\t<\/div>\n\t\t<\/section>\n\t\t\t\t<section class=\"elementor-section elementor-top-section elementor-element elementor-element-2b86a0c elementor-section-full_width elementor-section-stretched elementor-section-height-default elementor-section-height-default\" data-id=\"2b86a0c\" data-element_type=\"section\" data-e-type=\"section\" data-settings=\"{&quot;background_background&quot;:&quot;classic&quot;,&quot;stretch_section&quot;:&quot;section-stretched&quot;,&quot;tmea_shape_divider_top&quot;:&quot;none&quot;,&quot;tmea_shape_divider_bottom&quot;:&quot;none&quot;}\">\n\t\t\t\t\t\t<div class=\"elementor-container elementor-column-gap-default\">\n\t\t\t\t\t<div class=\"elementor-column elementor-col-50 elementor-top-column elementor-element elementor-element-d56f1ec\" data-id=\"d56f1ec\" data-element_type=\"column\" data-e-type=\"column\">\n\t\t\t<div class=\"elementor-widget-wrap\">\n\t\t\t\t\t\t\t<\/div>\n\t\t<\/div>\n\t\t\t\t<div class=\"elementor-column elementor-col-50 elementor-top-column elementor-element elementor-element-b17ee89\" data-id=\"b17ee89\" data-element_type=\"column\" data-e-type=\"column\">\n\t\t\t<div class=\"elementor-widget-wrap elementor-element-populated\">\n\t\t\t\t\t\t<div class=\"elementor-element elementor-element-7c44da3 elementor-widget elementor-widget-themedraft_section_title\" data-id=\"7c44da3\" data-element_type=\"widget\" data-e-type=\"widget\" data-widget_type=\"themedraft_section_title.default\">\n\t\t\t\t<div class=\"elementor-widget-container\">\n\t\t\t\t\t\n\t\t<div class=\"td-section-title-wrapper\">\n            <div class=\"td-section-title-content td-secondary-font\">\n                \n                                    <div class=\"td-section-subtitle td-primary-color\">\n                        Technical Advisory                    <\/div>\n                \n                                    <div class=\"td-section-title\">\n                        <h2>Customs Clearance<\/h2>                    <\/div>\n                                                <\/div>\n\t\t<\/div>\n\t\t\t\t\t\t<\/div>\n\t\t\t\t<\/div>\n\t\t\t\t<div class=\"elementor-element elementor-element-0766339 elementor-widget elementor-widget-text-editor\" data-id=\"0766339\" data-element_type=\"widget\" data-e-type=\"widget\" data-widget_type=\"text-editor.default\">\n\t\t\t\t<div class=\"elementor-widget-container\">\n\t\t\t\t\t\t\t\t\t<p>Navigating the complex world of customs can be challenging, but with our Customs Advisory and Clearance service, you can rest assured. Our team of specialists in international trade and customs legislation is equipped to provide comprehensive advice and handle all necessary procedures for clearing your goods. We ensure that all documents and permits are in order, minimizing risks and costs associated with potential delays or legal issues. With our expert advisory, you can optimize your import and export operations, ensuring a continuous and efficient flow in your supply chain.<\/p>\t\t\t\t\t\t\t\t<\/div>\n\t\t\t\t<\/div>\n\t\t\t\t\t<\/div>\n\t\t<\/div>\n\t\t\t\t\t<\/div>\n\t\t<\/section>\n\t\t\t\t<\/div>","protected":false},"excerpt":{"rendered":"<p>Servicios Soluciones log\u00edsticas integrales Servicios Servicio Puerta a puerta Nuestro servicio de Puerta a Puerta est\u00e1 dise\u00f1ado para ofrecerle la m\u00e1xima conveniencia y eficiencia en el env\u00edo de mercanc\u00edas. Nos encargamos de todo el proceso log\u00edstico, desde la recolecci\u00f3n en el punto de origen hasta la entrega final en la puerta de su destino. Con [&hellip;]<\/p>\n","protected":false},"author":1,"featured_media":0,"parent":0,"menu_order":0,"comment_status":"closed","ping_status":"closed","template":"","meta":{"footnotes":""},"class_list":["post-610","page","type-page","status-publish","hentry"],"_links":{"self":[{"href":"https:\/\/gondilogistics.com\/en\/wp-json\/wp\/v2\/pages\/610","targetHints":{"allow":["GET"]}}],"collection":[{"href":"https:\/\/gondilogistics.com\/en\/wp-json\/wp\/v2\/pages"}],"about":[{"href":"https:\/\/gondilogistics.com\/en\/wp-json\/wp\/v2\/types\/page"}],"author":[{"embeddable":true,"href":"https:\/\/gondilogistics.com\/en\/wp-json\/wp\/v2\/users\/1"}],"replies":[{"embeddable":true,"href":"https:\/\/gondilogistics.com\/en\/wp-json\/wp\/v2\/comments?post=610"}],"version-history":[{"count":271,"href":"https:\/\/gondilogistics.com\/en\/wp-json\/wp\/v2\/pages\/610\/revisions"}],"predecessor-version":[{"id":2638,"href":"https:\/\/gondilogistics.com\/en\/wp-json\/wp\/v2\/pages\/610\/revisions\/2638"}],"wp:attachment":[{"href":"https:\/\/gondilogistics.com\/en\/wp-json\/wp\/v2\/media?parent=610"}],"curies":[{"name":"wp","href":"https:\/\/api.w.org\/{rel}","templated":true}]}}