{"id":3,"date":"2024-05-21T14:45:09","date_gmt":"2024-05-21T14:45:09","guid":{"rendered":"https:\/\/gondilogistics.com\/?page_id=3"},"modified":"2024-06-01T02:13:36","modified_gmt":"2024-06-01T02:13:36","slug":"privacy-policy","status":"publish","type":"page","link":"https:\/\/gondilogistics.com\/en\/privacy-policy\/","title":{"rendered":"Privacy Policy"},"content":{"rendered":"<div data-elementor-type=\"wp-page\" data-elementor-id=\"3\" class=\"elementor elementor-3\">\n\t\t\t\t\n<div class=\"elementor-element elementor-element-5ffaa920 e-flex e-con-boxed e-con e-parent\" data-id=\"5ffaa920\" data-element_type=\"container\" data-e-type=\"container\" data-settings=\"{&quot;tmea_shape_divider_top&quot;:&quot;none&quot;,&quot;tmea_shape_divider_bottom&quot;:&quot;none&quot;}\">\n\t\t\t\t\t<div class=\"e-con-inner\">\n\t\t\t\t<div class=\"elementor-element elementor-element-5068b518 elementor-widget elementor-widget-text-editor\" data-id=\"5068b518\" data-element_type=\"widget\" data-e-type=\"widget\" data-widget_type=\"text-editor.default\">\n\t\t\t\t<div class=\"elementor-widget-container\">\n\t\t\t\t\t\t\t\t\t<p><\/p>\n<h2 class=\"wp-block-heading\">Privacy Policy for GondiLogistics.com<\/h2>\n<h3>Introduction<\/h3>\n<p>At Gondi Logistics LLC, we value and respect your privacy. This privacy policy explains how we collect, use, disclose, and protect your personal information when you visit our website.<\/p>\n<h3>Information We Collect<\/h3>\n<p>We collect personal information that you voluntarily provide, such as your name, email address, and phone number when you contact us or use our services. We may also collect information automatically, such as your IP address, browser type, and pages visited, using cookies and other tracking technologies.<\/p>\n<h3>Use of Information<\/h3>\n<p>We use the information collected to:<\/p>\n<ul>\n<li>Provide and improve our services.<\/li>\n<li>Respond to your inquiries and requests.<\/li>\n<li>Send marketing communications, if you have consented.<\/li>\n<li>Comply with legal obligations and applicable regulations.<\/li>\n<\/ul>\n<h3>Sharing Information<\/h3>\n<p>We do not share your personal information with third parties, except in the following circumstances:<\/p>\n<ul>\n<li>With service providers who help us operate our website and provide our services.<\/li>\n<li>When required by law or to protect our legal rights.<\/li>\n<\/ul>\n<h3>Information Security<\/h3>\n<p>We implement appropriate technical and organizational security measures to protect your personal information from unauthorized access, disclosure, alteration, or destruction.<\/p>\n<h3>Your Rights<\/h3>\n<p>You have the right to access, correct, delete, or restrict the use of your personal information. You can exercise these rights by contacting us using the information provided on our website.<\/p>\n<h3>Changes to This Policy<\/h3>\n<p>We reserve the right to modify this privacy policy at any time. Changes will be effective when posted on our website.<\/p>\n<h3>Contact<\/h3>\n<p>If you have any questions or concerns about this privacy policy, please contact us at:<\/p>\n<ul>\n<li>Address: 407 Interamerica Blvd, Laredo, TX 78045<\/li>\n<li>Email: infoweb@gondilogistics.com <a href=\"mailto:infoweb@gondilogistics.com\">infoweb@gondilogistics.com<\/a><\/li>\n<li>Phone: +1 (956) 568-2059<\/li>\n<\/ul>\n<p>This privacy policy was last updated on May 31, 2024.<\/p>\n<p><\/p>\t\t\t\t\t\t\t\t<\/div>\n\t\t\t\t<\/div>\n\t\t\t\t\t<\/div>\n\t\t\t\t<\/div>\n\t\t\t\t<\/div>","protected":false},"excerpt":{"rendered":"<p>Pol\u00edtica de Privacidad para GondiLogistics.com Introducci\u00f3n En Gondi Logistics LLC, valoramos y respetamos su privacidad. Esta pol\u00edtica de privacidad explica c\u00f3mo recopilamos, usamos, divulgamos y protegemos su informaci\u00f3n personal cuando visita nuestro sitio web. Informaci\u00f3n que Recopilamos Recopilamos informaci\u00f3n personal que usted nos proporciona voluntariamente, como su nombre, direcci\u00f3n de correo electr\u00f3nico y n\u00famero de [&hellip;]<\/p>\n","protected":false},"author":1,"featured_media":0,"parent":0,"menu_order":0,"comment_status":"closed","ping_status":"closed","template":"","meta":{"footnotes":""},"class_list":["post-3","page","type-page","status-publish","hentry"],"_links":{"self":[{"href":"https:\/\/gondilogistics.com\/en\/wp-json\/wp\/v2\/pages\/3","targetHints":{"allow":["GET"]}}],"collection":[{"href":"https:\/\/gondilogistics.com\/en\/wp-json\/wp\/v2\/pages"}],"about":[{"href":"https:\/\/gondilogistics.com\/en\/wp-json\/wp\/v2\/types\/page"}],"author":[{"embeddable":true,"href":"https:\/\/gondilogistics.com\/en\/wp-json\/wp\/v2\/users\/1"}],"replies":[{"embeddable":true,"href":"https:\/\/gondilogistics.com\/en\/wp-json\/wp\/v2\/comments?post=3"}],"version-history":[{"count":14,"href":"https:\/\/gondilogistics.com\/en\/wp-json\/wp\/v2\/pages\/3\/revisions"}],"predecessor-version":[{"id":2619,"href":"https:\/\/gondilogistics.com\/en\/wp-json\/wp\/v2\/pages\/3\/revisions\/2619"}],"wp:attachment":[{"href":"https:\/\/gondilogistics.com\/en\/wp-json\/wp\/v2\/media?parent=3"}],"curies":[{"name":"wp","href":"https:\/\/api.w.org\/{rel}","templated":true}]}}